{"id":9,"date":"2021-05-04T08:25:48","date_gmt":"2021-05-04T08:25:48","guid":{"rendered":"https:\/\/oleglarin.com\/?page_id=9"},"modified":"2021-05-14T14:40:06","modified_gmt":"2021-05-14T14:40:06","slug":"contact","status":"publish","type":"page","link":"https:\/\/oleglarin.com\/vi\/contact\/","title":{"rendered":"Ti\u1ebfp x\u00fac"},"content":{"rendered":"\n<p>Ch\u00fang t\u00f4i k\u00eau g\u1ecdi t\u1ea5t c\u1ea3 nh\u1eefng ng\u01b0\u1eddi bi\u1ebft v\u1ec1 t\u00e0i s\u1ea3n c\u1ee7a Oleg Larin \u1edf b\u1ea5t k\u1ef3 khu v\u1ef1c ph\u00e1p l\u00fd n\u00e0o (t\u00e0i kho\u1ea3n ng\u00e2n h\u00e0ng, c\u1ed5 phi\u1ebfu, b\u1ea5t \u0111\u1ed9ng s\u1ea3n, c\u00e1c t\u00e0i s\u1ea3n kh\u00e1c), c\u0169ng nh\u01b0 c\u00e1c tr\u01b0\u1eddng h\u1ee3p anh ta \u0111\u00e1nh c\u1eafp t\u00e0i s\u1ea3n tr\u00ed tu\u1ec7, h\u00e3y b\u00e1o c\u00e1o \u0111i\u1ec1u n\u00e0y t\u1edbi \u0111\u1ecba ch\u1ec9 email: <a href=\"mailto:info@oleglarin.com\">info@oleglarin.com<\/a>. Th\u00f9 lao v\u00e0 t\u00ednh \u1ea9n danh \u0111\u01b0\u1ee3c \u0111\u1ea3m b\u1ea3o.<\/p>\n","protected":false},"excerpt":{"rendered":"<p>Ch\u00fang t\u00f4i k\u00eau g\u1ecdi t\u1ea5t c\u1ea3 nh\u1eefng ng\u01b0\u1eddi bi\u1ebft v\u1ec1 t\u00e0i s\u1ea3n c\u1ee7a Oleg Larin \u1edf b\u1ea5t k\u1ef3 khu v\u1ef1c ph\u00e1p l\u00fd n\u00e0o (t\u00e0i kho\u1ea3n ng\u00e2n h\u00e0ng, c\u1ed5 phi\u1ebfu, b\u1ea5t \u0111\u1ed9ng s\u1ea3n, c\u00e1c t\u00e0i s\u1ea3n kh\u00e1c), c\u0169ng nh\u01b0 c\u00e1c tr\u01b0\u1eddng h\u1ee3p anh ta \u0111\u00e1nh c\u1eafp t\u00e0i s\u1ea3n tr\u00ed tu\u1ec7, h\u00e3y b\u00e1o c\u00e1o \u0111i\u1ec1u n\u00e0y t\u1edbi&hellip; <a class=\"more-link\" href=\"https:\/\/oleglarin.com\/vi\/contact\/\">Continue reading <span class=\"screen-reader-text\">Ti\u1ebfp x\u00fac<\/span><\/a><\/p>\n","protected":false},"author":2,"featured_media":0,"parent":0,"menu_order":0,"comment_status":"closed","ping_status":"closed","template":"","meta":{"_acf_changed":false,"footnotes":""},"class_list":["post-9","page","type-page","status-publish","hentry","entry"],"translation":{"provider":"WPGlobus","version":"3.0.2","language":"vi","enabled_languages":["ru","en","vi"],"languages":{"ru":{"title":true,"content":true,"excerpt":false},"en":{"title":true,"content":true,"excerpt":false},"vi":{"title":true,"content":true,"excerpt":false}}},"acf":[],"_links":{"self":[{"href":"https:\/\/oleglarin.com\/vi\/wp-json\/wp\/v2\/pages\/9","targetHints":{"allow":["GET"]}}],"collection":[{"href":"https:\/\/oleglarin.com\/vi\/wp-json\/wp\/v2\/pages"}],"about":[{"href":"https:\/\/oleglarin.com\/vi\/wp-json\/wp\/v2\/types\/page"}],"author":[{"embeddable":true,"href":"https:\/\/oleglarin.com\/vi\/wp-json\/wp\/v2\/users\/2"}],"replies":[{"embeddable":true,"href":"https:\/\/oleglarin.com\/vi\/wp-json\/wp\/v2\/comments?post=9"}],"version-history":[{"count":6,"href":"https:\/\/oleglarin.com\/vi\/wp-json\/wp\/v2\/pages\/9\/revisions"}],"predecessor-version":[{"id":305,"href":"https:\/\/oleglarin.com\/vi\/wp-json\/wp\/v2\/pages\/9\/revisions\/305"}],"wp:attachment":[{"href":"https:\/\/oleglarin.com\/vi\/wp-json\/wp\/v2\/media?parent=9"}],"curies":[{"name":"wp","href":"https:\/\/api.w.org\/{rel}","templated":true}]}}